{"id":1220,"date":"2025-12-03T22:38:19","date_gmt":"2025-12-03T21:38:19","guid":{"rendered":"https:\/\/www.katja-geiser.com\/?page_id=1220"},"modified":"2026-03-04T21:49:01","modified_gmt":"2026-03-04T20:49:01","slug":"elementor-seite-1220","status":"publish","type":"page","link":"https:\/\/www.katja-geiser.com\/en\/elementor-seite-1220\/","title":{"rendered":"Courses"},"content":{"rendered":"<div data-elementor-type=\"wp-page\" data-elementor-id=\"1220\" class=\"elementor elementor-1220\" data-elementor-post-type=\"page\">\n\t\t\t\t<div class=\"elementor-element elementor-element-135b678 e-flex e-con-boxed e-con e-parent\" data-id=\"135b678\" data-element_type=\"container\">\n\t\t\t\t\t<div class=\"e-con-inner\">\n\t\t\t\t<div class=\"elementor-element elementor-element-89b6e41 elementor-widget elementor-widget-heading\" data-id=\"89b6e41\" data-element_type=\"widget\" data-widget_type=\"heading.default\">\n\t\t\t\t<div class=\"elementor-widget-container\">\n\t\t\t\t\t<h2 class=\"elementor-heading-title elementor-size-default\">Courses<\/h2>\t\t\t\t<\/div>\n\t\t\t\t<\/div>\n\t\t\t\t\t<\/div>\n\t\t\t\t<\/div>\n\t\t<div class=\"elementor-element elementor-element-4905bba e-flex e-con-boxed e-con e-parent\" data-id=\"4905bba\" data-element_type=\"container\">\n\t\t\t\t\t<div class=\"e-con-inner\">\n\t\t\t\t<div class=\"elementor-element elementor-element-6d4e986 elementor-widget elementor-widget-text-editor\" data-id=\"6d4e986\" data-element_type=\"widget\" data-widget_type=\"text-editor.default\">\n\t\t\t\t<div class=\"elementor-widget-container\">\n\t\t\t\t\t\t\t\t\t<h5><strong>Pr\u00e4ventionskurse \u2013 Ihre Gesundheit in besten H\u00e4nden<\/strong><\/h5><p>Wussten Sie, dass Sie durch die Teilnahme an Pr\u00e4ventionskursen nicht nur Ihre Gesundheit nachhaltig f\u00f6rdern, sondern auch finanziell profitieren k\u00f6nnen? Ich biete Ihnen professionell gef\u00fchrte Pr\u00e4ventionskurse, die von vielen gesetzlichen Krankenkassen sowie einer Vielzahl privater Krankenversicherungen und der Beihilfe bezuschusst oder sogar vollst\u00e4ndig erstattet werden.<\/p><p>Die gesetzlichen Krankenkassen unterst\u00fctzen Pr\u00e4ventionsma\u00dfnahmen, die darauf abzielen, gesundheitliche Risiken zu vermindern und eine fr\u00fchzeitige Vorsorge zu treffen. Das bedeutet f\u00fcr Sie: Sie k\u00f6nnen aktiv etwas f\u00fcr Ihre Gesundheit tun und profitieren gleichzeitig von der finanziellen Entlastung durch Ihre Krankenkasse.<\/p><h5><strong>Was bieten die Pr\u00e4ventionskurse?<\/strong><\/h5><p>Meine Pr\u00e4ventionskurse sind auf die aktuellen gesundheitlichen Bed\u00fcrfnisse der Teilnehmer:innen ausgerichtet. Die Kurse sind abwechslungsreich, praxisorientiert und unterst\u00fctzen Sie dabei, gesunde Gewohnheiten in Ihren Alltag zu integrieren.<\/p><h5><strong>Bezuschussung durch Ihre Krankenkasse<\/strong><\/h5><p>Informieren Sie sich bei Ihrer Krankenkasse oder Ihrem privaten Versicherer, wie hoch die Bezuschussung ist und wie viele Kurse \u00fcbernommen werden. In vielen F\u00e4llen reicht eine einfache Anmeldung und am Ende die Teilnahmebescheinigung aus, um die R\u00fcckerstattung zu erhalten.<\/p><h5><strong>Gesetzliche Grundlage f\u00fcr Pr\u00e4ventionskurse<\/strong><\/h5><p>Die Bezuschussung von Pr\u00e4ventionskursen ist im Sozialgesetzbuch V (SGB V) \u00a7 20 geregelt. Dort steht, dass gesetzliche Krankenkassen ihre Versicherten bei der Teilnahme an anerkannten Pr\u00e4ventionsma\u00dfnahmen unterst\u00fctzen. Voraussetzung ist, dass die Kurse vom Bundeszentrale f\u00fcr gesundheitliche Aufkl\u00e4rung (BZgA) anerkannt sind und bestimmte Qualit\u00e4tskriterien erf\u00fcllen. Dies bedeutet, dass Sie sich auf die Wirksamkeit und Qualit\u00e4t der Kurse verlassen k\u00f6nnen.<\/p>\t\t\t\t\t\t\t\t<\/div>\n\t\t\t\t<\/div>\n\t\t\t\t\t<\/div>\n\t\t\t\t<\/div>\n\t\t<div class=\"elementor-element elementor-element-a317430 e-flex e-con-boxed e-con e-parent\" data-id=\"a317430\" data-element_type=\"container\">\n\t\t\t\t\t<div class=\"e-con-inner\">\n\t\t\t\t<div class=\"elementor-element elementor-element-d39a8c3 elementor-widget elementor-widget-heading\" data-id=\"d39a8c3\" data-element_type=\"widget\" data-widget_type=\"heading.default\">\n\t\t\t\t<div class=\"elementor-widget-container\">\n\t\t\t\t\t<h2 class=\"elementor-heading-title elementor-size-default\">Kursangebot<\/h2>\t\t\t\t<\/div>\n\t\t\t\t<\/div>\n\t\t\t\t\t<\/div>\n\t\t\t\t<\/div>\n\t\t<div class=\"elementor-element elementor-element-90f62bc e-flex e-con-boxed e-con e-parent\" data-id=\"90f62bc\" data-element_type=\"container\">\n\t\t\t\t\t<div class=\"e-con-inner\">\n\t\t\t\t<div class=\"elementor-element elementor-element-24d1ec2 elementor-widget elementor-widget-n-accordion\" data-id=\"24d1ec2\" data-element_type=\"widget\" data-settings=\"{&quot;default_state&quot;:&quot;expanded&quot;,&quot;max_items_expended&quot;:&quot;one&quot;,&quot;n_accordion_animation_duration&quot;:{&quot;unit&quot;:&quot;ms&quot;,&quot;size&quot;:400,&quot;sizes&quot;:[]}}\" data-widget_type=\"nested-accordion.default\">\n\t\t\t\t<div class=\"elementor-widget-container\">\n\t\t\t\t\t\t\t<div class=\"e-n-accordion\" aria-label=\"Accordion. Open links with Enter or Space, close with Escape, and navigate with Arrow Keys\">\n\t\t\t\t\t\t<details id=\"e-n-accordion-item-3860\" class=\"e-n-accordion-item\" open>\n\t\t\t\t<summary class=\"e-n-accordion-item-title\" data-accordion-index=\"1\" tabindex=\"0\" aria-expanded=\"true\" aria-controls=\"e-n-accordion-item-3860\" >\n\t\t\t\t\t<span class='e-n-accordion-item-title-header'><div class=\"e-n-accordion-item-title-text\"> Beckenbodengymnastikkurs 8x 60 Minuten  125\u20ac <\/div><\/span>\n\t\t\t\t\t\t\t<span class='e-n-accordion-item-title-icon'>\n\t\t\t<span class='e-opened' ><i aria-hidden=\"true\" class=\"fas fa-minus\"><\/i><\/span>\n\t\t\t<span class='e-closed'><i aria-hidden=\"true\" class=\"fas fa-plus\"><\/i><\/span>\n\t\t<\/span>\n\n\t\t\t\t\t\t<\/summary>\n\t\t\t\t<div role=\"region\" aria-labelledby=\"e-n-accordion-item-3860\" class=\"elementor-element elementor-element-d18edcc e-con-full e-flex e-con e-child\" data-id=\"d18edcc\" data-element_type=\"container\">\n\t\t<div role=\"region\" aria-labelledby=\"e-n-accordion-item-3860\" class=\"elementor-element elementor-element-561e241 e-flex e-con-boxed e-con e-child\" data-id=\"561e241\" data-element_type=\"container\">\n\t\t\t\t\t<div class=\"e-con-inner\">\n\t\t\t\t<div class=\"elementor-element elementor-element-547c924 elementor-widget elementor-widget-text-editor\" data-id=\"547c924\" data-element_type=\"widget\" data-widget_type=\"text-editor.default\">\n\t\t\t\t<div class=\"elementor-widget-container\">\n\t\t\t\t\t\t\t\t\t<p><strong>Kursstart<\/strong>: 12.01.2026 &#8211; 09.03.2026 \/ montags 20.04.2026 &#8211; 15. 06.2026 bzw. mittwochs 29.04- 24.06.2026 \/ montags 02.11.2026 &#8211; 21.12.2026 bzw. mittwochs 04.11.2026 &#8211; 23.12.2026<\/p><p><strong>Kurszeiten<\/strong>: montags 18:00 -19:00 Uhr, mittwochs 10:00- 11:00 Uhr<\/p><p><strong>Info:<\/strong><\/p><p>Beckenbodengymnastik beugt Beschwerden wie Inkontinenz und Unterleibssenkungen vor. Ein starker Beckenboden sorgt f\u00fcr eine aufrechte Haltung und mehr Wohlbefinden im Alltag. In diesem Kurs erlernen Sie die Wahrnehmung von Ihrem Beckenboden genau wie das Zusammenspiel von Atmung, Bauch und R\u00fccken mit dem Beckenboden. Es gibt viele Tipps, um das Erlernte im Alltag einzusetzen und anzuwenden.<\/p>\t\t\t\t\t\t\t\t<\/div>\n\t\t\t\t<\/div>\n\t\t\t\t\t<\/div>\n\t\t\t\t<\/div>\n\t\t\t\t<\/div>\n\t\t\t\t\t<\/details>\n\t\t\t\t\t\t<details id=\"e-n-accordion-item-3861\" class=\"e-n-accordion-item\" >\n\t\t\t\t<summary class=\"e-n-accordion-item-title\" data-accordion-index=\"2\" tabindex=\"-1\" aria-expanded=\"false\" aria-controls=\"e-n-accordion-item-3861\" >\n\t\t\t\t\t<span class='e-n-accordion-item-title-header'><div class=\"e-n-accordion-item-title-text\"> Bodyworkout \u2013 Ganzk\u00f6rperkrafttraining 8x 45 Minuten  100\u20ac <\/div><\/span>\n\t\t\t\t\t\t\t<span class='e-n-accordion-item-title-icon'>\n\t\t\t<span class='e-opened' ><i aria-hidden=\"true\" class=\"fas fa-minus\"><\/i><\/span>\n\t\t\t<span class='e-closed'><i aria-hidden=\"true\" class=\"fas fa-plus\"><\/i><\/span>\n\t\t<\/span>\n\n\t\t\t\t\t\t<\/summary>\n\t\t\t\t<div role=\"region\" aria-labelledby=\"e-n-accordion-item-3861\" class=\"elementor-element elementor-element-893a24f e-con-full e-flex e-con e-child\" data-id=\"893a24f\" data-element_type=\"container\">\n\t\t<div role=\"region\" aria-labelledby=\"e-n-accordion-item-3861\" class=\"elementor-element elementor-element-4f33fd8 e-flex e-con-boxed e-con e-child\" data-id=\"4f33fd8\" data-element_type=\"container\">\n\t\t\t\t\t<div class=\"e-con-inner\">\n\t\t\t\t<div class=\"elementor-element elementor-element-18a2549 elementor-widget elementor-widget-text-editor\" data-id=\"18a2549\" data-element_type=\"widget\" data-widget_type=\"text-editor.default\">\n\t\t\t\t<div class=\"elementor-widget-container\">\n\t\t\t\t\t\t\t\t\t<p><strong>Kursstart<\/strong>: mittwochs 29.04.2026 &#8211; 24. 06.2026 \/ freitags 08.05.2026- 10.07.2026 \/ mittwochs 03.11.2026 &#8211; 23.12.2026<\/p><p><strong>Kurszeiten<\/strong>: mittwochs 08:30 -09:15 Uhr, mittwochs 17:30- 18:15 Uhr, freitags 08:00 &#8211; 08:45 Uhr<\/p><p><strong>Info:<\/strong><\/p><p>Im Kurs &#8222;Body Workout (Ganzk\u00f6rperkrafttraining)&#8220; tauchen wir gemeinsam in die Welt der St\u00e4rke und Vitalit\u00e4t ein. Hier liegt das Hauptaugenmerk darauf, die Bewegungs- und Wahrnehmungsf\u00e4higkeiten zu verbessern, die Aktivit\u00e4t zu steigern und die Gesundheit zu f\u00f6rdern. Wir setzen dabei auf das kraftvolle Training mit dem eigenen K\u00f6rpergewicht, das nicht nur die Muskeln st\u00e4rkt, sondern auch die Koordination auf ein neues Level hebt. Zur Intensivierung der \u00dcbungen werden teilweise zus\u00e4tzliche Gewichte wie Kurzhanteln eingesetzt. Durch anspruchsvolle \u00dcbungen bereiten wir den K\u00f6rper gezielt auf die Herausforderungen des Alltags vor. Seien Sie dabei und entfalten Sie ihr volles Potenzial f\u00fcr ein ges\u00fcnderes und aktiveres Leben!<\/p>\t\t\t\t\t\t\t\t<\/div>\n\t\t\t\t<\/div>\n\t\t\t\t\t<\/div>\n\t\t\t\t<\/div>\n\t\t\t\t<\/div>\n\t\t\t\t\t<\/details>\n\t\t\t\t\t\t<details id=\"e-n-accordion-item-3862\" class=\"e-n-accordion-item\" >\n\t\t\t\t<summary class=\"e-n-accordion-item-title\" data-accordion-index=\"3\" tabindex=\"-1\" aria-expanded=\"false\" aria-controls=\"e-n-accordion-item-3862\" >\n\t\t\t\t\t<span class='e-n-accordion-item-title-header'><div class=\"e-n-accordion-item-title-text\"> Schulter Nacken 8x 45 Minuten  100\u20ac <\/div><\/span>\n\t\t\t\t\t\t\t<span class='e-n-accordion-item-title-icon'>\n\t\t\t<span class='e-opened' ><i aria-hidden=\"true\" class=\"fas fa-minus\"><\/i><\/span>\n\t\t\t<span class='e-closed'><i aria-hidden=\"true\" class=\"fas fa-plus\"><\/i><\/span>\n\t\t<\/span>\n\n\t\t\t\t\t\t<\/summary>\n\t\t\t\t<div role=\"region\" aria-labelledby=\"e-n-accordion-item-3862\" class=\"elementor-element elementor-element-9eafed8 e-con-full e-flex e-con e-child\" data-id=\"9eafed8\" data-element_type=\"container\">\n\t\t<div role=\"region\" aria-labelledby=\"e-n-accordion-item-3862\" class=\"elementor-element elementor-element-b06f79d e-flex e-con-boxed e-con e-child\" data-id=\"b06f79d\" data-element_type=\"container\">\n\t\t\t\t\t<div class=\"e-con-inner\">\n\t\t\t\t<div class=\"elementor-element elementor-element-d1fbe3a elementor-widget elementor-widget-text-editor\" data-id=\"d1fbe3a\" data-element_type=\"widget\" data-widget_type=\"text-editor.default\">\n\t\t\t\t<div class=\"elementor-widget-container\">\n\t\t\t\t\t\t\t\t\t<p><strong>Kursstart<\/strong>: 28.01.20026 &#8211; 25.03.2026 \/ 21.04.2026 &#8211; 16. 06.2026 \/ 03.11.2026 &#8211; 22.12.2026\u00a0<\/p><p><strong>Kurszeiten<\/strong>: dienstags 08:30 -09:15 Uhr, dienstags 17:30- 18:15 Uhr<\/p><p><strong>Info:<\/strong><\/p><p>Der Kurs &#8222;Schulter und Nacken &#8211; Pr\u00e4ventives Krafttraining&#8220; konzentriert sich darauf, Sie dabei zu unterst\u00fctzen, die St\u00e4rke und Flexibilit\u00e4t in den Schulter- und Nackenmuskeln zu verbessern. Durch eine Kombination aus gezielten \u00dcbungen, Dehnungen und Entspannungstechniken werden Sie dabei unterst\u00fctzt, Verspannungen zu l\u00f6sen, die Beweglichkeit zu erh\u00f6hen und die allgemeine Funktion dieser wichtigen Bereiche des K\u00f6rpers zu verbessern. Der Kurs beinhaltet auch Informationen \u00fcber ergonomische Prinzipien und Alltagsstrategien zur Vorbeugung von Schulter- und Nackenbeschwerden.<\/p>\t\t\t\t\t\t\t\t<\/div>\n\t\t\t\t<\/div>\n\t\t\t\t\t<\/div>\n\t\t\t\t<\/div>\n\t\t\t\t<\/div>\n\t\t\t\t\t<\/details>\n\t\t\t\t\t\t<details id=\"e-n-accordion-item-3863\" class=\"e-n-accordion-item\" >\n\t\t\t\t<summary class=\"e-n-accordion-item-title\" data-accordion-index=\"4\" tabindex=\"-1\" aria-expanded=\"false\" aria-controls=\"e-n-accordion-item-3863\" >\n\t\t\t\t\t<span class='e-n-accordion-item-title-header'><div class=\"e-n-accordion-item-title-text\"> Kr\u00e4ftigende Wirbels\u00e4ulengymnastik 8x 60 Minuten   125\u20ac <\/div><\/span>\n\t\t\t\t\t\t\t<span class='e-n-accordion-item-title-icon'>\n\t\t\t<span class='e-opened' ><i aria-hidden=\"true\" class=\"fas fa-minus\"><\/i><\/span>\n\t\t\t<span class='e-closed'><i aria-hidden=\"true\" class=\"fas fa-plus\"><\/i><\/span>\n\t\t<\/span>\n\n\t\t\t\t\t\t<\/summary>\n\t\t\t\t<div role=\"region\" aria-labelledby=\"e-n-accordion-item-3863\" class=\"elementor-element elementor-element-048d8ac e-flex e-con-boxed e-con e-child\" data-id=\"048d8ac\" data-element_type=\"container\">\n\t\t\t\t\t<div class=\"e-con-inner\">\n\t\t<div role=\"region\" aria-labelledby=\"e-n-accordion-item-3863\" class=\"elementor-element elementor-element-c228aeb e-con-full e-flex e-con e-child\" data-id=\"c228aeb\" data-element_type=\"container\">\n\t\t\t\t<div class=\"elementor-element elementor-element-063b948 elementor-widget elementor-widget-text-editor\" data-id=\"063b948\" data-element_type=\"widget\" data-widget_type=\"text-editor.default\">\n\t\t\t\t<div class=\"elementor-widget-container\">\n\t\t\t\t\t\t\t\t\t<p><strong>Kursstart<\/strong>: 20.04.2026 &#8211; 15. 06.2026 \/ 02.11.2026 &#8211; 21.12.2026<\/p><p><strong>Kurszeiten<\/strong>: montags 08:30 -09:30 Uhr, montags 19:15 &#8211; 20:15 Uhr<\/p><p><strong>Info:<\/strong><\/p><p>In diesem Kurs werden Sie eine F\u00fclle von Tipps und \u00dcbungen f\u00fcr einen gesunden R\u00fccken im Alltag kennenlernen. Unser Schwerpunkt liegt auf einem funktionellen Kraft- und Ausdauertraining, das propriozeptive und vestibul\u00e4re Reize integriert. Sie werden verschiedene Belastungsstufen sowohl mit als auch ohne Kleinger\u00e4te erlernen. Dar\u00fcber hinaus werden Sie zahlreiche wissenswerte Erkenntnisse mitnehmen, die Ihr Verst\u00e4ndnis f\u00fcr einen gesunden R\u00fccken vertiefen werden.<\/p>\t\t\t\t\t\t\t\t<\/div>\n\t\t\t\t<\/div>\n\t\t\t\t<\/div>\n\t\t\t\t\t<\/div>\n\t\t\t\t<\/div>\n\t\t\t\t\t<\/details>\n\t\t\t\t\t\t<details id=\"e-n-accordion-item-3864\" class=\"e-n-accordion-item\" >\n\t\t\t\t<summary class=\"e-n-accordion-item-title\" data-accordion-index=\"5\" tabindex=\"-1\" aria-expanded=\"false\" aria-controls=\"e-n-accordion-item-3864\" >\n\t\t\t\t\t<span class='e-n-accordion-item-title-header'><div class=\"e-n-accordion-item-title-text\"> Krafttraining im Sitzen 8x 45 Minuten  100\u20ac <\/div><\/span>\n\t\t\t\t\t\t\t<span class='e-n-accordion-item-title-icon'>\n\t\t\t<span class='e-opened' ><i aria-hidden=\"true\" class=\"fas fa-minus\"><\/i><\/span>\n\t\t\t<span class='e-closed'><i aria-hidden=\"true\" class=\"fas fa-plus\"><\/i><\/span>\n\t\t<\/span>\n\n\t\t\t\t\t\t<\/summary>\n\t\t\t\t<div role=\"region\" aria-labelledby=\"e-n-accordion-item-3864\" class=\"elementor-element elementor-element-2230dcb e-flex e-con-boxed e-con e-child\" data-id=\"2230dcb\" data-element_type=\"container\">\n\t\t\t\t\t<div class=\"e-con-inner\">\n\t\t<div role=\"region\" aria-labelledby=\"e-n-accordion-item-3864\" class=\"elementor-element elementor-element-32524a6 e-con-full e-flex e-con e-child\" data-id=\"32524a6\" data-element_type=\"container\">\n\t\t\t\t<div class=\"elementor-element elementor-element-d7d779c elementor-widget elementor-widget-text-editor\" data-id=\"d7d779c\" data-element_type=\"widget\" data-widget_type=\"text-editor.default\">\n\t\t\t\t<div class=\"elementor-widget-container\">\n\t\t\t\t\t\t\t\t\t<p><strong>Kursstart<\/strong>: 20.04.2026 &#8211; 15. 06.2026 \/ 02.11.2026 &#8211; 21.12.2026<\/p><p><strong>Kurszeiten<\/strong>: montags 10:00 -10:45 Uhr<\/p><p><strong>Info:<\/strong><\/p><p>Das Kurskonzept &#8222;Krafttraining im Sitzen&#8220; ist speziell f\u00fcr Personen konzipiert, die Schwierigkeiten mit \u00dcbungen im Liegen haben oder aus anderen Gr\u00fcnden nicht bequem im Liegen trainieren k\u00f6nnen. Der Kurs wird verschiedene \u00dcbungen umfassen, die ausschlie\u00dflich im Sitzen durchgef\u00fchrt werden k\u00f6nnen, ohne dass eine liegende Position erforderlich ist. Die Teilnehmer werden eine Vielzahl von Ger\u00e4ten und Hilfsmitteln verwenden, um das Training sicher und effektiv durchf\u00fchren zu k\u00f6nnen, w\u00e4hrend sie sitzen. Der Fokus liegt dabei auf der St\u00e4rkung der Muskelkraft, der Verbesserung der K\u00f6rperhaltung und der Beweglichkeit, wobei insbesondere Personen angesprochen werden, die Schwierigkeiten mit \u00dcbungen im Liegen.<\/p>\t\t\t\t\t\t\t\t<\/div>\n\t\t\t\t<\/div>\n\t\t\t\t<\/div>\n\t\t\t\t\t<\/div>\n\t\t\t\t<\/div>\n\t\t\t\t\t<\/details>\n\t\t\t\t\t<\/div>\n\t\t\t\t\t\t<\/div>\n\t\t\t\t<\/div>\n\t\t\t\t\t<\/div>\n\t\t\t\t<\/div>\n\t\t<div class=\"elementor-element elementor-element-c7b88e6 e-flex e-con-boxed e-con e-parent\" data-id=\"c7b88e6\" data-element_type=\"container\">\n\t\t\t\t\t<div class=\"e-con-inner\">\n\t\t\t\t<div class=\"elementor-element elementor-element-ed9493c elementor-widget elementor-widget-text-editor\" data-id=\"ed9493c\" data-element_type=\"widget\" data-widget_type=\"text-editor.default\">\n\t\t\t\t<div class=\"elementor-widget-container\">\n\t\t\t\t\t\t\t\t\t<p>Andere Kurszeiten und\/ oder Tage gerne auf Anfrage.<\/p><p>Ich biete auch <strong>firmeninterne Kurse<\/strong> an, die individuell auf die Bed\u00fcrfnisse Ihres Unternehmens und Ihrer Teams zugeschnitten sind. Egal, ob in Ihrer Firma vor Ort oder in meiner Praxis \u2013 ich komme zu Ihnen oder lade Ihr Team in meine gut ausgestatteten R\u00e4ume ein.<\/p><p>Ich freue mich darauf, Sie\/ Ihr Team auf dem Weg zu mehr Bewegung zu begleiten. Kontaktieren Sie mich gerne f\u00fcr ein unverbindliches Beratungsgespr\u00e4ch!<\/p>\t\t\t\t\t\t\t\t<\/div>\n\t\t\t\t<\/div>\n\t\t\t\t\t<\/div>\n\t\t\t\t<\/div>\n\t\t<div class=\"elementor-element elementor-element-7cea04c e-flex e-con-boxed e-con e-parent\" data-id=\"7cea04c\" data-element_type=\"container\">\n\t\t\t\t\t<div class=\"e-con-inner\">\n\t\t\t\t<div class=\"elementor-element elementor-element-9841780 elementor-widget elementor-widget-heading\" data-id=\"9841780\" data-element_type=\"widget\" data-widget_type=\"heading.default\">\n\t\t\t\t<div class=\"elementor-widget-container\">\n\t\t\t\t\t<h2 class=\"elementor-heading-title elementor-size-default\">Kursplan<\/h2>\t\t\t\t<\/div>\n\t\t\t\t<\/div>\n\t\t\t\t\t<\/div>\n\t\t\t\t<\/div>\n\t\t<div class=\"elementor-element elementor-element-8725995 e-flex e-con-boxed e-con e-parent\" data-id=\"8725995\" data-element_type=\"container\">\n\t\t\t\t\t<div class=\"e-con-inner\">\n\t\t\t\t<div class=\"elementor-element elementor-element-2892088 elementor-widget elementor-widget-n-accordion\" data-id=\"2892088\" data-element_type=\"widget\" data-settings=\"{&quot;default_state&quot;:&quot;expanded&quot;,&quot;max_items_expended&quot;:&quot;one&quot;,&quot;n_accordion_animation_duration&quot;:{&quot;unit&quot;:&quot;ms&quot;,&quot;size&quot;:400,&quot;sizes&quot;:[]}}\" data-widget_type=\"nested-accordion.default\">\n\t\t\t\t<div class=\"elementor-widget-container\">\n\t\t\t\t\t\t\t<div class=\"e-n-accordion\" aria-label=\"Accordion. Open links with Enter or Space, close with Escape, and navigate with Arrow Keys\">\n\t\t\t\t\t\t<details id=\"e-n-accordion-item-4250\" class=\"e-n-accordion-item\" open>\n\t\t\t\t<summary class=\"e-n-accordion-item-title\" data-accordion-index=\"1\" tabindex=\"0\" aria-expanded=\"true\" aria-controls=\"e-n-accordion-item-4250\" >\n\t\t\t\t\t<span class='e-n-accordion-item-title-header'><div class=\"e-n-accordion-item-title-text\"> Tabellarischer Kursplan <\/div><\/span>\n\t\t\t\t\t\t\t<span class='e-n-accordion-item-title-icon'>\n\t\t\t<span class='e-opened' ><i aria-hidden=\"true\" class=\"fas fa-minus\"><\/i><\/span>\n\t\t\t<span class='e-closed'><i aria-hidden=\"true\" class=\"fas fa-plus\"><\/i><\/span>\n\t\t<\/span>\n\n\t\t\t\t\t\t<\/summary>\n\t\t\t\t<div role=\"region\" aria-labelledby=\"e-n-accordion-item-4250\" class=\"elementor-element elementor-element-8e7ca24 e-con-full e-flex e-con e-child\" data-id=\"8e7ca24\" data-element_type=\"container\">\n\t\t<div role=\"region\" aria-labelledby=\"e-n-accordion-item-4250\" class=\"elementor-element elementor-element-fe0726d e-flex e-con-boxed e-con e-child\" data-id=\"fe0726d\" data-element_type=\"container\">\n\t\t\t\t\t<div class=\"e-con-inner\">\n\t\t\t\t<div class=\"elementor-element elementor-element-91e0dcc elementor-widget elementor-widget-text-editor\" data-id=\"91e0dcc\" data-element_type=\"widget\" data-widget_type=\"text-editor.default\">\n\t\t\t\t<div class=\"elementor-widget-container\">\n\t\t\t\t\t\t\t\t\t<table><tbody><tr><td width=\"123\"><p>Montag<\/p><\/td><td width=\"123\"><p>Dienstag<\/p><\/td><td width=\"123\"><p>Mittwoch<\/p><\/td><td width=\"123\"><p>Donnerstag<\/p><\/td><td width=\"123\"><p>Freitag<\/p><\/td><\/tr><tr><td width=\"123\"><p>08:30 \u2013 09:30<\/p><p>Wirbels\u00e4ulengymnastik<\/p><\/td><td width=\"123\"><p>08:30 \u2013 09:15<\/p><p>Schulter Nacken<\/p><\/td><td width=\"123\"><p>08:30 \u2013 09:15<br \/>Bodyworkout<\/p><\/td><td width=\"123\">\u00a0<\/td><td width=\"123\">\u00a0<\/td><\/tr><tr><td width=\"123\"><p>10:00 \u2013 10:45<\/p><p>Krafttraining im Sitzen<\/p><\/td><td width=\"123\">\u00a0<\/td><td width=\"123\"><p>\u00a010:00 \u2013 11:00<\/p><p>Beckenbodengymnastik<\/p><\/td><td width=\"123\">\u00a0<\/td><td width=\"123\">\u00a0<\/td><\/tr><tr><td width=\"123\">\u00a0<\/td><td width=\"123\"><p>17:30 \u2013 18:15<\/p><p>Schulter Nacken<\/p><\/td><td width=\"123\"><p>17:30 \u2013 18:15<\/p><p>Bodyworkout<\/p><\/td><td width=\"123\">\u00a0<\/td><td width=\"123\">\u00a0<\/td><\/tr><tr><td width=\"123\"><p>18:00 \u2013 19:00<\/p><p>Beckenbodengymnastik<\/p><\/td><td width=\"123\">\u00a0<\/td><td width=\"123\">\u00a0<\/td><td width=\"123\">\u00a0<\/td><td width=\"123\">\u00a0<\/td><\/tr><tr><td width=\"123\"><p>19:15 \u2013 20:15<\/p><p>Wirbels\u00e4ulengymnastik<\/p><\/td><td width=\"123\">\u00a0<\/td><td width=\"123\">\u00a0<\/td><td width=\"123\">\u00a0<\/td><td width=\"123\">\u00a0<\/td><\/tr><\/tbody><\/table>\t\t\t\t\t\t\t\t<\/div>\n\t\t\t\t<\/div>\n\t\t\t\t\t<\/div>\n\t\t\t\t<\/div>\n\t\t\t\t<\/div>\n\t\t\t\t\t<\/details>\n\t\t\t\t\t<\/div>\n\t\t\t\t\t\t<\/div>\n\t\t\t\t<\/div>\n\t\t\t\t\t<\/div>\n\t\t\t\t<\/div>\n\t\t\t\t<\/div>","protected":false},"excerpt":{"rendered":"<p>Kurse Pr\u00e4ventionskurse \u2013 Ihre Gesundheit in besten H\u00e4nden Wussten Sie, dass Sie durch die Teilnahme an Pr\u00e4ventionskursen nicht nur Ihre Gesundheit nachhaltig f\u00f6rdern, sondern auch finanziell profitieren k\u00f6nnen? Ich biete Ihnen professionell gef\u00fchrte Pr\u00e4ventionskurse, die von vielen gesetzlichen Krankenkassen sowie einer Vielzahl privater Krankenversicherungen und der Beihilfe bezuschusst oder sogar vollst\u00e4ndig erstattet werden. Die gesetzlichen [&hellip;]<\/p>\n","protected":false},"author":1,"featured_media":0,"parent":0,"menu_order":0,"comment_status":"closed","ping_status":"closed","template":"","meta":{"_themeisle_gutenberg_block_has_review":false,"footnotes":""},"class_list":["post-1220","page","type-page","status-publish","hentry"],"_links":{"self":[{"href":"https:\/\/www.katja-geiser.com\/en\/wp-json\/wp\/v2\/pages\/1220","targetHints":{"allow":["GET"]}}],"collection":[{"href":"https:\/\/www.katja-geiser.com\/en\/wp-json\/wp\/v2\/pages"}],"about":[{"href":"https:\/\/www.katja-geiser.com\/en\/wp-json\/wp\/v2\/types\/page"}],"author":[{"embeddable":true,"href":"https:\/\/www.katja-geiser.com\/en\/wp-json\/wp\/v2\/users\/1"}],"replies":[{"embeddable":true,"href":"https:\/\/www.katja-geiser.com\/en\/wp-json\/wp\/v2\/comments?post=1220"}],"version-history":[{"count":49,"href":"https:\/\/www.katja-geiser.com\/en\/wp-json\/wp\/v2\/pages\/1220\/revisions"}],"predecessor-version":[{"id":1284,"href":"https:\/\/www.katja-geiser.com\/en\/wp-json\/wp\/v2\/pages\/1220\/revisions\/1284"}],"wp:attachment":[{"href":"https:\/\/www.katja-geiser.com\/en\/wp-json\/wp\/v2\/media?parent=1220"}],"curies":[{"name":"wp","href":"https:\/\/api.w.org\/{rel}","templated":true}]}}