{"id":394,"date":"2024-04-24T13:20:53","date_gmt":"2024-04-24T11:20:53","guid":{"rendered":"https:\/\/www.katja-geiser.com\/?page_id=394"},"modified":"2024-12-04T08:02:36","modified_gmt":"2024-12-04T07:02:36","slug":"impressum-2","status":"publish","type":"page","link":"https:\/\/www.katja-geiser.com\/en\/impressum-2\/","title":{"rendered":"Legal Notice"},"content":{"rendered":"<div data-elementor-type=\"wp-page\" data-elementor-id=\"394\" class=\"elementor elementor-394\" data-elementor-post-type=\"page\">\n\t\t\t\t\t\t<section class=\"elementor-section elementor-top-section elementor-element elementor-element-0f9c1ee elementor-section-boxed elementor-section-height-default elementor-section-height-default\" data-id=\"0f9c1ee\" data-element_type=\"section\">\n\t\t\t\t\t\t<div class=\"elementor-container elementor-column-gap-default\">\n\t\t\t\t\t<div class=\"elementor-column elementor-col-100 elementor-top-column elementor-element elementor-element-13537fb\" data-id=\"13537fb\" data-element_type=\"column\">\n\t\t\t<div class=\"elementor-widget-wrap elementor-element-populated\">\n\t\t\t\t\t\t<div class=\"elementor-element elementor-element-43c6c74 elementor-widget elementor-widget-text-editor\" data-id=\"43c6c74\" data-element_type=\"widget\" data-widget_type=\"text-editor.default\">\n\t\t\t\t<div class=\"elementor-widget-container\">\n\t\t\t\t\t\t\t\t\t<h2><b>Legal Notice<\/b><\/h2><p><b>Angaben<\/b><b>:<\/b><\/p><p>Praxis Katja Geiser<span class=\"Apple-converted-space\">\u00a0 \u00a0 \u00a0 \u00a0 \u00a0 \u00a0 \u00a0 \u00a0 \u00a0 \u00a0 \u00a0 \u00a0 \u00a0 \u00a0 \u00a0 \u00a0 \u00a0 \u00a0 \u00a0 \u00a0 \u00a0 \u00a0 \u00a0 \u00a0 \u00a0 \u00a0 \u00a0 \u00a0 \u00a0 \u00a0 \u00a0 \u00a0 \u00a0 \u00a0 \u00a0 \u00a0 \u00a0 \u00a0 \u00a0 \u00a0 \u00a0 \u00a0 \u00a0 \u00a0 \u00a0 \u00a0 \u00a0 \u00a0 \u00a0 \u00a0 \u00a0 \u00a0 \u00a0 \u00a0 \u00a0 \u00a0 \u00a0 \u00a0 \u00a0 \u00a0 \u00a0 \u00a0 \u00a0 \u00a0 \u00a0\u00a0<\/span><\/p><p>Physiotherapeutin, Heilpraktikerin (Physiotherapie), Sexualberaterin<\/p><p>Alte Schmiede 65a<br \/>52525 Heinsberg<br \/>Tel.: 0049 176 95297832<br \/>E-Mail: info@katja-geiser.com<br \/>Keine Umsatzsteueridentifikationsnummer, gem\u00e4\u00df \u00a719 1 UStG. Keine Umsatzsteueridentifikationsnummer, gem\u00e4\u00df <span class=\"ILfuVd\" lang=\"de\"><span class=\"hgKElc\">\u00a7 4 Nr. 14 UStG<\/span><\/span><\/p><p><b>Vertreten durch:<\/b><\/p><p>Praxisinhaberin: Katja Geiser<\/p><p><b>Gesetzliche Berufsbezeichnungen:<\/b><\/p><p>Physiotherapeutin, Heilpraktikerin (Physiotherapie), Sexualberaterin<\/p><p><b>Berufshaftpflicht:<\/b><\/p><p>N\u00fcrnberger Versicherung, Ostendstra\u00dfe 100, 90334 N\u00fcrnberg<\/p><p>Tel.: 0049 9115315 \u00a0 \u00a0<\/p><p>E-Mail: info@nuernberger.de<\/p><p><b>Berufsrechtliche Regelungen:<\/b><span class=\"Apple-converted-space\">\u00a0<\/span><\/p><p>Gesetz \u00fcber die Berufe in der Physiotherapie (Masseur- und Physiotherapeutengesetz &#8211; MPhG):<\/p><p>https:\/\/www.gesetze-im-internet.de\/mphg\/BJNR108400994.html<\/p><p>Gesetz \u00fcber die berufsm\u00e4\u00dfige Aus\u00fcbung der Heilkunde ohne Bestallung (Heilpraktikergesetz):<\/p><p>https:\/\/www.gesetze-im-internet.de\/heilprg\/BJNR002510939.html<\/p><p><b>Kontakt:<\/b><\/p><p>Telefon: 0049 176 95297832<br \/>E-Mail: info@katja-geiser.com<br \/>Website: https:\/\/www.katja-geiser.com<\/p><p><b>Kommunikation \u00fcber E-Mail:<\/b><\/p><p>Die Kommunikation \u00fcber E-Mail ist schnell, effiziert und g\u00fcnstig. Sie kann aber Sicherheitsl\u00fccken aufweisen. Sollte ich eine E-Mail von Ihnen erhalten, so gehe ich davon aus, dass ich zu einer Beantwortung Ihrer Anfrage ebenfalls via E-Mail berechtigt bin. Ansonsten m\u00fcssen Sie ausdr\u00fccklich auf eine andere Art der Kommunikation verweisen.<\/p><p><b>Urheberrechtliche Hinweise:<\/b><\/p><p>Fotos: Adobe Stock, eigene Bilder\/Fotografien<span class=\"Apple-converted-space\">\u00a0<\/span><\/p><p><b>Online-Streitbeiliegung (ODR-Verordnung):<\/b><span class=\"Apple-converted-space\">\u00a0<\/span><\/p><p>Die Plattform der EU zur au\u00dfergerichtlichen Online-Streitbeiliegung finden Sie unter: <span class=\"Apple-converted-space\">\u00a0<\/span><\/p><p>http:\/\/ec.europa.eu\/consumers\/odr\u00a0<\/p><p><b>\u00a0<\/b><\/p><p><b>Haftung f\u00fcr Inhalte<\/b><\/p><p>Die Inhalte meiner Seiten wurden mit gr\u00f6\u00dfter Sorgfalt erstellt. F\u00fcr die Richtigkeit, Vollst\u00e4ndigkeit und Aktualit\u00e4t der Inhalte kann ich jedoch keine Gew\u00e4hr \u00fcbernehmen. Als Dienstanbieterin bin ich f\u00fcr eigene Inhalte auf diesen Seiten nach den allgemeinen Gesetzen verantwortlich. Ich bin als Dienstanbieterin jedoch nicht verpflichtet, \u00fcbermittelte oder gespeicherte fremde Informationen zu \u00fcberwachen oder nach Umst\u00e4nden zu forschen, die auf eine rechtswidrige T\u00e4tigkeit hinweisen. Verpflichtungen zur Entfernung oder Sperrung der Nutzung von Informationen nach den allgemeinen Gesetzen bleiben hiervon unber\u00fchrt. Eine diesbez\u00fcgliche Haftung ist jedoch erst ab dem Zeitpunkt der Kenntnis einer konkreten Rechtsverletzung m\u00f6glich. Bei Bekanntwerden von entsprechenden Rechtsverletzungen werden wir diese Inhalte umgehend entfernen.<\/p><p><b>Haftung f\u00fcr Links<\/b><\/p><p>Mein Angebot enth\u00e4lt Links zu externen Webseiten Dritter, auf deren Inhalte ich keinen Einfluss habe. Deshalb kann ich f\u00fcr diese fremden Inhalte auch keine Gew\u00e4hr \u00fcbernehmen. F\u00fcr die Inhalte der verlinkten Seiten ist stets der jeweilige Anbieter oder Betreiber der Seiten verantwortlich. Die verlinkten Seiten wurden zum Zeitpunkt der Verlinkung auf m\u00f6gliche Rechtsverst\u00f6\u00dfe \u00fcberpr\u00fcft. Rechtswidrige Inhalte waren zum Zeitpunkt der Verlinkung nicht erkennbar. Eine permanente inhaltliche Kontrolle der verlinkten Seiten ist jedoch ohne konkrete Anhaltspunkte einer Rechtsverletzung nicht zumutbar. Bei Bekanntwerden von Rechtsverletzungen werden wir derartige Links umgehend entfernen.<\/p><p><b>Urheberrecht<\/b><\/p><p>Die durch die Seitenbetreiber erstellten bzw. verwendeten Inhalte und Werke auf diesen Seiten unterliegen dem deutschen Urheberrecht. Die Vervielf\u00e4ltigung, Bearbeitung, Verbreitung und jede Art der Verwertung au\u00dferhalb der Grenzen des Urheberrechtes bed\u00fcrfen der Zustimmung des jeweiligen Autors bzw. Erstellers. Downloads und Kopien dieser Seite sind nur f\u00fcr den privaten, nicht kommerziellen Gebrauch gestattet. Soweit die Inhalte auf dieser Seite nicht vom Betreiber erstellt wurden, werden die Urheberrechte Dritter beachtet. Insbesondere werden Inhalte Dritter als solche gekennzeichnet. Sollten Sie trotzdem auf eine Urheberrechtsverletzung aufmerksam werden, bitte ich um einen entsprechenden Hinweis. Bei Bekanntwerden von Rechtsverletzungen werde ich derartige Inhalte umgehend entfernen.<\/p><p><b>Privacy Police<\/b><\/p><p>Ich weise darauf hin, dass die Daten\u00fcbertragung im Internet Sicherheitsl\u00fccken aufweisen kann. Ein l\u00fcckenloser Schutz der Daten vor dem Zugriff durch Dritte ist nicht m\u00f6glich. Weiter verweise ich auf meine separate Seite zum Datenschutz.<\/p>\t\t\t\t\t\t\t\t<\/div>\n\t\t\t\t<\/div>\n\t\t\t\t\t<\/div>\n\t\t<\/div>\n\t\t\t\t\t<\/div>\n\t\t<\/section>\n\t\t\t\t<\/div>","protected":false},"excerpt":{"rendered":"<p>Impressum Angaben: Praxis Katja Geiser\u00a0 \u00a0 \u00a0 \u00a0 \u00a0 \u00a0 \u00a0 \u00a0 \u00a0 \u00a0 \u00a0 \u00a0 \u00a0 \u00a0 \u00a0 \u00a0 \u00a0 \u00a0 \u00a0 \u00a0 \u00a0 \u00a0 \u00a0 \u00a0 \u00a0 \u00a0 \u00a0 \u00a0 \u00a0 \u00a0 \u00a0 \u00a0 \u00a0 \u00a0 \u00a0 \u00a0 \u00a0 \u00a0 \u00a0 \u00a0 \u00a0 \u00a0 \u00a0 \u00a0 \u00a0 \u00a0 \u00a0 \u00a0 \u00a0 \u00a0 \u00a0 [&hellip;]<\/p>\n","protected":false},"author":2,"featured_media":0,"parent":0,"menu_order":0,"comment_status":"closed","ping_status":"closed","template":"","meta":{"_themeisle_gutenberg_block_has_review":false,"footnotes":""},"class_list":["post-394","page","type-page","status-publish","hentry"],"_links":{"self":[{"href":"https:\/\/www.katja-geiser.com\/en\/wp-json\/wp\/v2\/pages\/394","targetHints":{"allow":["GET"]}}],"collection":[{"href":"https:\/\/www.katja-geiser.com\/en\/wp-json\/wp\/v2\/pages"}],"about":[{"href":"https:\/\/www.katja-geiser.com\/en\/wp-json\/wp\/v2\/types\/page"}],"author":[{"embeddable":true,"href":"https:\/\/www.katja-geiser.com\/en\/wp-json\/wp\/v2\/users\/2"}],"replies":[{"embeddable":true,"href":"https:\/\/www.katja-geiser.com\/en\/wp-json\/wp\/v2\/comments?post=394"}],"version-history":[{"count":31,"href":"https:\/\/www.katja-geiser.com\/en\/wp-json\/wp\/v2\/pages\/394\/revisions"}],"predecessor-version":[{"id":1002,"href":"https:\/\/www.katja-geiser.com\/en\/wp-json\/wp\/v2\/pages\/394\/revisions\/1002"}],"wp:attachment":[{"href":"https:\/\/www.katja-geiser.com\/en\/wp-json\/wp\/v2\/media?parent=394"}],"curies":[{"name":"wp","href":"https:\/\/api.w.org\/{rel}","templated":true}]}}